{"id":140,"date":"2022-04-03T19:26:36","date_gmt":"2022-04-03T17:26:36","guid":{"rendered":"https:\/\/tabu-la-rasa.de\/start\/?page_id=140"},"modified":"2024-07-02T14:09:16","modified_gmt":"2024-07-02T12:09:16","slug":"datenschutz","status":"publish","type":"page","link":"https:\/\/tabu-la-rasa.de\/start\/datenschutz\/","title":{"rendered":"Datenschutz"},"content":{"rendered":"\n<p><\/p>\n\n\n\n<p>Der Gesetzgeber hat sich ausgedacht, dass wir als Inhaber dieser Website eine Datenschutzerkl\u00e4rung abgeben m\u00fcssen. Dies trotz der Tatsache, dass wir auf der Seite keinerlei personenbezogenen Daten erheben, niemanden zwingen uns eine Mail zu schicken und davon ausgehen, dass jeder, der diese Seite aufruft, die Gefahren und datenschutzrechtlichen Bedenken, die von dieser Seite ausgehen, ermessen kann.<\/p>\n\n\n\n<p>Um etwaige Abmahnungen und Missverst\u00e4ndnissen vorzubeugen, erkl\u00e4ren wir Folgendes:<br>Selbstverst\u00e4ndlich achten wir Ihre pers\u00f6nlichen Daten und nehmen deren Schutz sehr ernst. Die Nutzung unserer Website ist deshalb ohne Angabe personenbezogener Daten m\u00f6glich. Es werden an keiner Stelle personenbezogene Daten erhoben und entsprechend auch nicht gespeichert oder an Dritte weitergegeben. Wir weisen jedoch darauf hin, dass die Daten\u00fcbertragung im Internet Sicherheitsl\u00fccken aufweisen kann und ein l\u00fcckenloser Schutz der Daten vor dem Zugriff durch Dritte nicht m\u00f6glich ist.<\/p>\n\n\n\n<p>Wenn Sie uns eine E-Mail senden m\u00f6chten, werden wir die in dieser gemachten Angaben und Kontaktdaten ausschlie\u00dflich zur Beantwortung und weiteren Bearbeitung Ihrer Anfrage speichern und selbstverst\u00e4ndlich nicht ohne Ihre Einwilligung an Dritte weitergeben.<\/p>\n\n\n\n<p>Unsere Internetseite nutzt teilweise \u00bbCookies\u00ab. Das sind kleine Textdateien, die auf Ihrem Rechner abgelegt werden und erlauben, Ihren Browser beim n\u00e4chsten Besuch wiederzuerkennen. Die meisten der von uns verwendeten Cookies sind so genannte \u00bbSession-Cookies\u00ab, die automatisch nach dem Ende Ihres Besuchs gel\u00f6scht werden. Andere Cookies bleiben auf Ihrem Endger\u00e4t gespeichert, bis Sie diese l\u00f6schen. Sie k\u00f6nnen Ihren Browser so einstellen, dass Sie \u00fcber das Setzen von Cookies informiert werden und Cookies nur im Einzelfall erlauben, die Annahme von Cookies f\u00fcr bestimmte F\u00e4lle oder generell ausschlie\u00dfen sowie das automatische L\u00f6schen der Cookies beim Schlie\u00dfen des Browser aktivieren.<\/p>\n\n\n\n<p>Der Provider unserer Website erhebt und speichert automatisch Informationen in so genannten Server-Log Files, die Ihr Browser automatisch an uns \u00fcbermittelt. Dies sind: Browsertyp und Browserversion, verwendetes Betriebssystem, Referrer URL, Hostname des zugreifenden Rechners und die Uhrzeit der Serveranfrage. Diese Daten sind nicht bestimmten Personen zuordenbar. Eine Zusammenf\u00fchrung dieser Daten mit anderen Datenquellen wird nicht vorgenommen. Wir behalten uns vor, diese Daten nachtr\u00e4glich zu pr\u00fcfen, wenn uns konkrete Anhaltspunkte f\u00fcr eine rechtswidrige Nutzung bekannt werden.<\/p>\n\n\n\n<p>Diese Website nutzt Funktionen des Webanalysedienstes Google Analytics.<br>Anbieter ist die Google Inc., 1600 Amphitheatre Parkway Mountain View, CA 94043, USA. Google Analytics verwendet so genannte \u00bbCookies\u00ab (s.o.), die eine Analyse der Nutzung unserer Website durch Sie erm\u00f6glichen. Die durch den Cookie erzeugten Informationen werden in der Regel an einen Server von Google in den USA \u00fcbertragen und dort gespeichert. Mehr Informationen zum Umgang mit Nutzerdaten bei Google Analytics finden Sie in der Datenschutzerkl\u00e4rung von Google: https:\/\/support.google.com\/analytics\/answer\/6004245?hl=de<br>Sie k\u00f6nnen die Speicherung der Cookies durch eine entsprechende Einstellung Ihrer Browser-Software verhindern. Sie k\u00f6nnen dar\u00fcber hinaus die Erfassung der durch den Cookie erzeugten und auf Ihre Nutzung der Website bezogenen Daten (inkl. Ihrer IP-Adresse) an Google sowie die Verarbeitung dieser Daten durch Google verhindern, indem Sie das unter dem folgenden Link verf\u00fcgbare Browser-Plugin herunterladen und installieren: https:\/\/tools.google.com\/dlpage\/gaoptout?hl=de<br>Sie k\u00f6nnen die Erfassung Ihrer Daten durch Google Analytics verhindern, indem Sie auf folgenden Link klicken. Es wird ein Opt-Out-Cookie gesetzt, der die Erfassung Ihrer Daten bei zuk\u00fcnftigen Besuchen dieser Website verhindert: Google Analytics deaktivieren<\/p>\n\n\n\n<p>Die obige Datenschutzerkl\u00e4rung wurde mit Hilfe des folgenden Internetdienstes erstellt, jedoch individuell auf unsere Seite angepasst. https:\/\/www.e-recht24.de\/muster-datenschutzerklaerung.html<\/p>\n","protected":false},"excerpt":{"rendered":"<p>Der Gesetzgeber hat sich ausgedacht, dass wir als Inhaber dieser Website eine Datenschutzerkl\u00e4rung abgeben m\u00fcssen. Dies trotz der Tatsache, dass wir auf der Seite keinerlei personenbezogenen Daten erheben, niemanden zwingen uns eine Mail zu schicken und davon ausgehen, dass jeder, der diese Seite aufruft, die Gefahren und datenschutzrechtlichen Bedenken, die von dieser Seite ausgehen, ermessen &hellip;<\/p>\n<p class=\"read-more\"> <a class=\"\" href=\"https:\/\/tabu-la-rasa.de\/start\/datenschutz\/\"> <span class=\"screen-reader-text\">Datenschutz<\/span> Weiterlesen &raquo;<\/a><\/p>\n","protected":false},"author":1,"featured_media":0,"parent":0,"menu_order":0,"comment_status":"closed","ping_status":"closed","template":"","meta":{"site-sidebar-layout":"default","site-content-layout":"default","ast-main-header-display":"","ast-hfb-above-header-display":"","ast-hfb-below-header-display":"","ast-hfb-mobile-header-display":"","site-post-title":"","ast-breadcrumbs-content":"","ast-featured-img":"","footer-sml-layout":"","theme-transparent-header-meta":"","adv-header-id-meta":"","stick-header-meta":"","header-above-stick-meta":"","header-main-stick-meta":"","header-below-stick-meta":"","footnotes":""},"class_list":["post-140","page","type-page","status-publish","hentry"],"_links":{"self":[{"href":"https:\/\/tabu-la-rasa.de\/start\/wp-json\/wp\/v2\/pages\/140","targetHints":{"allow":["GET"]}}],"collection":[{"href":"https:\/\/tabu-la-rasa.de\/start\/wp-json\/wp\/v2\/pages"}],"about":[{"href":"https:\/\/tabu-la-rasa.de\/start\/wp-json\/wp\/v2\/types\/page"}],"author":[{"embeddable":true,"href":"https:\/\/tabu-la-rasa.de\/start\/wp-json\/wp\/v2\/users\/1"}],"replies":[{"embeddable":true,"href":"https:\/\/tabu-la-rasa.de\/start\/wp-json\/wp\/v2\/comments?post=140"}],"version-history":[{"count":4,"href":"https:\/\/tabu-la-rasa.de\/start\/wp-json\/wp\/v2\/pages\/140\/revisions"}],"predecessor-version":[{"id":1023,"href":"https:\/\/tabu-la-rasa.de\/start\/wp-json\/wp\/v2\/pages\/140\/revisions\/1023"}],"wp:attachment":[{"href":"https:\/\/tabu-la-rasa.de\/start\/wp-json\/wp\/v2\/media?parent=140"}],"curies":[{"name":"wp","href":"https:\/\/api.w.org\/{rel}","templated":true}]}}