{"id":60,"date":"2022-04-03T11:18:25","date_gmt":"2022-04-03T09:18:25","guid":{"rendered":"https:\/\/tabu-la-rasa.de\/start\/?page_id=60"},"modified":"2024-07-02T14:17:07","modified_gmt":"2024-07-02T12:17:07","slug":"besucher","status":"publish","type":"page","link":"https:\/\/tabu-la-rasa.de\/start\/besucher\/","title":{"rendered":"Die K\u00e4ufer"},"content":{"rendered":"\n<p><strong>Kunst ohne Publikum ist wie ein Schiff ohne Wasser!<br><\/strong>Noch l\u00e4uft unsere schrumpfende Ausstellung und Sie k\u00f6nnen auf dem Kunterbunthof in B\u00e4belin die verbliebenen Arbeiten so lange betrachten und kaufen \u00bbwie der Vorrat reicht\u00ab. <br>Bereits jetzt (29. Juli 2022) k\u00f6nnen wir sagen, dass wir durch \u00bbtabu-la-rasa\u00ab nicht nur in dem alten Wohnhaus und Atelier von Dieter Fuhrmann Platz f\u00fcr Neues geschaffen haben, sondern auch 180 seiner Werke in ein neues Zuhause geben konnten. Neben dem vielen Geld, welches wir f\u00fcr neue Kunst und die Sanierung der Dorfkirche sammeln konnten, waren das positive Feedback, die pers\u00f6nlichen Gespr\u00e4che mit den K\u00e4ufern und die netten Eintr\u00e4ge in unser G\u00e4stebuch ganz gro\u00dfartige Erfahrungen! Wir danken allen, die ein Bild \u00bbadoptiert\u00ab haben und w\u00fcnschen viel Freude mit der Kunst.<br><strong><br>Wo die Bilder von Dieter Fuhrmann ein neues Zuhause gefunden haben, erfahren Sie hier:<\/strong><\/p>\n\n\n\n<figure class=\"wp-block-image size-large\"><img loading=\"lazy\" decoding=\"async\" width=\"781\" height=\"1024\" src=\"https:\/\/tabu-la-rasa.de\/wp-content\/uploads\/2024\/07\/240702_tabu-la-rasa-Karte-781x1024.png\" alt=\"\" class=\"wp-image-994\" srcset=\"https:\/\/tabu-la-rasa.de\/wp-content\/uploads\/2024\/07\/240702_tabu-la-rasa-Karte-781x1024.png 781w, https:\/\/tabu-la-rasa.de\/wp-content\/uploads\/2024\/07\/240702_tabu-la-rasa-Karte-229x300.png 229w, https:\/\/tabu-la-rasa.de\/wp-content\/uploads\/2024\/07\/240702_tabu-la-rasa-Karte-768x1007.png 768w, https:\/\/tabu-la-rasa.de\/wp-content\/uploads\/2024\/07\/240702_tabu-la-rasa-Karte-1172x1536.png 1172w, https:\/\/tabu-la-rasa.de\/wp-content\/uploads\/2024\/07\/240702_tabu-la-rasa-Karte-1563x2048.png 1563w\" sizes=\"auto, (max-width: 781px) 100vw, 781px\" \/><\/figure>\n\n\n\n<hr class=\"wp-block-separator has-css-opacity\"\/>\n\n\n\n<p><strong>Wen wir erreichen wollten:<\/strong><\/p>\n\n\n\n<ul class=\"wp-block-list\">\n<li><strong>Dieter Fuhrmann-Kenner<\/strong> (Sch\u00fcler:innen, Kolleg:innen,Teilnehmer:innen am Spezilager und K\u00fcnstlerischen Sommerkurs)<\/li>\n\n\n\n<li><strong>Kunst-Kenner<\/strong> (Interessierte, Sammler, Galeristen \u2026)<\/li>\n\n\n\n<li><strong>Mecklenburg-Vorpommern-Kenner<\/strong> (Urlauber, Ausfl\u00fcgler, Tourismus-Branche \u2026)<\/li>\n\n\n\n<li><strong>Kunterbunthof-Kenner<\/strong> und Freunde von Andr\u00e9 Schumacher(Weggef\u00e4hrten, Fans, Besucher seiner Reiseshows)<\/li>\n\n\n\n<li><strong>Dorfkirchen-Kenner<\/strong> und B\u00e4beliner (Einwohner, Kirchgemeinde \u2026)<\/li>\n<\/ul>\n\n\n\n<hr class=\"wp-block-separator has-css-opacity\"\/>\n\n\n\n<h2 class=\"wp-block-heading\">Unsere Bitte um Feedback:<\/h2>\n\n\n\n<p>Sch\u00f6n w\u00e4re, wenn uns diese Menschen verraten, wo die Bilder ihr neues Zuhause gefunden haben. Entweder durch \u00bbphysischen\u00ab Eintrag in das G\u00e4stebuch vor Ort, durch ein F\u00e4hnchen in unserer Landkarte (Angabe der Postleitzahl bei Kauf) oder auch durch einen Kommentar auf dieser Website. Land, Ort und Postleitzahl reichen aus \u2013 ein paar Worte w\u00e4ren noch sch\u00f6ner!<\/p>\n","protected":false},"excerpt":{"rendered":"<p>Kunst ohne Publikum ist wie ein Schiff ohne Wasser!Noch l\u00e4uft unsere schrumpfende Ausstellung und Sie k\u00f6nnen auf dem Kunterbunthof in B\u00e4belin die verbliebenen Arbeiten so lange betrachten und kaufen \u00bbwie der Vorrat reicht\u00ab. Bereits jetzt (29. Juli 2022) k\u00f6nnen wir sagen, dass wir durch \u00bbtabu-la-rasa\u00ab nicht nur in dem alten Wohnhaus und Atelier von Dieter &hellip;<\/p>\n<p class=\"read-more\"> <a class=\"\" href=\"https:\/\/tabu-la-rasa.de\/start\/besucher\/\"> <span class=\"screen-reader-text\">Die K\u00e4ufer<\/span> Weiterlesen &raquo;<\/a><\/p>\n","protected":false},"author":1,"featured_media":0,"parent":0,"menu_order":6,"comment_status":"open","ping_status":"closed","template":"","meta":{"site-sidebar-layout":"default","site-content-layout":"default","ast-main-header-display":"","ast-hfb-above-header-display":"","ast-hfb-below-header-display":"","ast-hfb-mobile-header-display":"","site-post-title":"","ast-breadcrumbs-content":"","ast-featured-img":"","footer-sml-layout":"","theme-transparent-header-meta":"","adv-header-id-meta":"","stick-header-meta":"","header-above-stick-meta":"","header-main-stick-meta":"","header-below-stick-meta":"","footnotes":""},"class_list":["post-60","page","type-page","status-publish","hentry"],"_links":{"self":[{"href":"https:\/\/tabu-la-rasa.de\/start\/wp-json\/wp\/v2\/pages\/60","targetHints":{"allow":["GET"]}}],"collection":[{"href":"https:\/\/tabu-la-rasa.de\/start\/wp-json\/wp\/v2\/pages"}],"about":[{"href":"https:\/\/tabu-la-rasa.de\/start\/wp-json\/wp\/v2\/types\/page"}],"author":[{"embeddable":true,"href":"https:\/\/tabu-la-rasa.de\/start\/wp-json\/wp\/v2\/users\/1"}],"replies":[{"embeddable":true,"href":"https:\/\/tabu-la-rasa.de\/start\/wp-json\/wp\/v2\/comments?post=60"}],"version-history":[{"count":10,"href":"https:\/\/tabu-la-rasa.de\/start\/wp-json\/wp\/v2\/pages\/60\/revisions"}],"predecessor-version":[{"id":1025,"href":"https:\/\/tabu-la-rasa.de\/start\/wp-json\/wp\/v2\/pages\/60\/revisions\/1025"}],"wp:attachment":[{"href":"https:\/\/tabu-la-rasa.de\/start\/wp-json\/wp\/v2\/media?parent=60"}],"curies":[{"name":"wp","href":"https:\/\/api.w.org\/{rel}","templated":true}]}}