{"id":96,"date":"2022-04-03T16:06:29","date_gmt":"2022-04-03T14:06:29","guid":{"rendered":"https:\/\/tabu-la-rasa.de\/start\/?page_id=96"},"modified":"2024-07-02T13:48:03","modified_gmt":"2024-07-02T11:48:03","slug":"tabu-la-rasa","status":"publish","type":"page","link":"https:\/\/tabu-la-rasa.de\/start\/","title":{"rendered":"Dieter Fuhrmann: tabu-la-rasa"},"content":{"rendered":"\t\t<div data-elementor-type=\"wp-page\" data-elementor-id=\"96\" class=\"elementor elementor-96\">\n\t\t\t\t\t\t\t\t\t<section class=\"elementor-section elementor-top-section elementor-element elementor-element-956ffdc elementor-section-boxed elementor-section-height-default elementor-section-height-default\" data-id=\"956ffdc\" data-element_type=\"section\">\n\t\t\t\t\t\t<div class=\"elementor-container elementor-column-gap-default\">\n\t\t\t\t\t<div class=\"elementor-column elementor-col-100 elementor-top-column elementor-element elementor-element-a95bd3b\" data-id=\"a95bd3b\" data-element_type=\"column\">\n\t\t\t<div class=\"elementor-widget-wrap elementor-element-populated\">\n\t\t\t\t\t\t\t\t<div class=\"elementor-element elementor-element-c7472e0 elementor-widget elementor-widget-spacer\" data-id=\"c7472e0\" data-element_type=\"widget\" data-widget_type=\"spacer.default\">\n\t\t\t\t<div class=\"elementor-widget-container\">\n\t\t\t<style>\/*! elementor - v3.6.1 - 23-03-2022 *\/\n.e-container.e-container--row .elementor-spacer-inner{width:var(--spacer-size)}.e-container.e-container--column .elementor-spacer-inner,.elementor-column .elementor-spacer-inner{height:var(--spacer-size)}<\/style>\t\t<div class=\"elementor-spacer\">\n\t\t\t<div class=\"elementor-spacer-inner\"><\/div>\n\t\t<\/div>\n\t\t\t\t<\/div>\n\t\t\t\t<\/div>\n\t\t\t\t\t<\/div>\n\t\t<\/div>\n\t\t\t\t\t\t\t<\/div>\n\t\t<\/section>\n\t\t\t\t<section class=\"elementor-section elementor-top-section elementor-element elementor-element-d5a8504 elementor-section-boxed elementor-section-height-default elementor-section-height-default\" data-id=\"d5a8504\" data-element_type=\"section\">\n\t\t\t\t\t\t<div class=\"elementor-container elementor-column-gap-default\">\n\t\t\t\t\t<div class=\"elementor-column elementor-col-100 elementor-top-column elementor-element elementor-element-d6cf870\" data-id=\"d6cf870\" data-element_type=\"column\">\n\t\t\t<div class=\"elementor-widget-wrap elementor-element-populated\">\n\t\t\t\t\t\t\t\t<div class=\"elementor-element elementor-element-22c4bf8 elementor-widget elementor-widget-heading\" data-id=\"22c4bf8\" data-element_type=\"widget\" data-widget_type=\"heading.default\">\n\t\t\t\t<div class=\"elementor-widget-container\">\n\t\t\t<style>\/*! elementor - v3.6.1 - 23-03-2022 *\/\n.elementor-heading-title{padding:0;margin:0;line-height:1}.elementor-widget-heading .elementor-heading-title[class*=elementor-size-]>a{color:inherit;font-size:inherit;line-height:inherit}.elementor-widget-heading .elementor-heading-title.elementor-size-small{font-size:15px}.elementor-widget-heading .elementor-heading-title.elementor-size-medium{font-size:19px}.elementor-widget-heading .elementor-heading-title.elementor-size-large{font-size:29px}.elementor-widget-heading .elementor-heading-title.elementor-size-xl{font-size:39px}.elementor-widget-heading .elementor-heading-title.elementor-size-xxl{font-size:59px}<\/style><h1 class=\"elementor-heading-title elementor-size-default\">Dieter Fuhrmann: tabu-la-rasa<\/h1>\t\t<\/div>\n\t\t\t\t<\/div>\n\t\t\t\t\t<\/div>\n\t\t<\/div>\n\t\t\t\t\t\t\t<\/div>\n\t\t<\/section>\n\t\t\t\t<section class=\"elementor-section elementor-top-section elementor-element elementor-element-5c7e677 elementor-section-full_width elementor-section-height-default elementor-section-height-default\" data-id=\"5c7e677\" data-element_type=\"section\">\n\t\t\t\t\t\t<div class=\"elementor-container elementor-column-gap-default\">\n\t\t\t\t\t<div class=\"elementor-column elementor-col-100 elementor-top-column elementor-element elementor-element-d824926\" data-id=\"d824926\" data-element_type=\"column\">\n\t\t\t<div class=\"elementor-widget-wrap elementor-element-populated\">\n\t\t\t\t\t\t\t\t<div class=\"elementor-element elementor-element-bc2d4f9 elementor--h-position-right elementor--v-position-bottom elementor-widget__width-inherit elementor-arrows-position-inside elementor-widget elementor-widget-slides\" data-id=\"bc2d4f9\" data-element_type=\"widget\" data-settings=\"{&quot;navigation&quot;:&quot;arrows&quot;,&quot;autoplay&quot;:&quot;yes&quot;,&quot;pause_on_hover&quot;:&quot;yes&quot;,&quot;pause_on_interaction&quot;:&quot;yes&quot;,&quot;autoplay_speed&quot;:5000,&quot;infinite&quot;:&quot;yes&quot;,&quot;transition&quot;:&quot;slide&quot;,&quot;transition_speed&quot;:500}\" data-widget_type=\"slides.default\">\n\t\t\t\t<div class=\"elementor-widget-container\">\n\t\t\t<style>\/*! elementor-pro - v3.6.4 - 15-03-2022 *\/\n.elementor-slides .swiper-slide-bg{background-size:cover;background-position:50%;background-repeat:no-repeat;min-width:100%;min-height:100%}.elementor-slides .swiper-slide-inner{background-repeat:no-repeat;background-position:50%;position:absolute;top:0;left:0;bottom:0;right:0;padding:50px;margin:auto}.elementor-slides .swiper-slide-inner,.elementor-slides .swiper-slide-inner:hover{color:#fff;display:-webkit-box;display:-ms-flexbox;display:flex}.elementor-slides .swiper-slide-inner .elementor-background-overlay{position:absolute;z-index:0;top:0;bottom:0;left:0;right:0}.elementor-slides .swiper-slide-inner .elementor-slide-content{position:relative;z-index:1;width:100%}.elementor-slides .swiper-slide-inner .elementor-slide-heading{font-size:35px;font-weight:700;line-height:1}.elementor-slides .swiper-slide-inner .elementor-slide-description{font-size:17px;line-height:1.4}.elementor-slides .swiper-slide-inner .elementor-slide-description:not(:last-child),.elementor-slides .swiper-slide-inner .elementor-slide-heading:not(:last-child){margin-bottom:30px}.elementor-slides .swiper-slide-inner .elementor-slide-button{border:2px solid #fff;color:#fff;background:transparent;display:inline-block}.elementor-slides .swiper-slide-inner .elementor-slide-button,.elementor-slides .swiper-slide-inner .elementor-slide-button:hover{background:transparent;color:inherit;text-decoration:none}.elementor--v-position-top .swiper-slide-inner{-webkit-box-align:start;-ms-flex-align:start;align-items:flex-start}.elementor--v-position-bottom .swiper-slide-inner{-webkit-box-align:end;-ms-flex-align:end;align-items:flex-end}.elementor--v-position-middle .swiper-slide-inner{-webkit-box-align:center;-ms-flex-align:center;align-items:center}.elementor--h-position-left .swiper-slide-inner{-webkit-box-pack:start;-ms-flex-pack:start;justify-content:flex-start}.elementor--h-position-right .swiper-slide-inner{-webkit-box-pack:end;-ms-flex-pack:end;justify-content:flex-end}.elementor--h-position-center .swiper-slide-inner{-webkit-box-pack:center;-ms-flex-pack:center;justify-content:center}body.rtl .elementor-widget-slides .elementor-swiper-button-next{left:10px;right:auto}body.rtl .elementor-widget-slides .elementor-swiper-button-prev{right:10px;left:auto}.elementor-slides-wrapper div:not(.swiper-slide)>.swiper-slide-inner{display:none}@media (max-width:767px){.elementor-slides .swiper-slide-inner{padding:30px}.elementor-slides .swiper-slide-inner .elementor-slide-heading{font-size:23px;line-height:1;margin-bottom:15px}.elementor-slides .swiper-slide-inner .elementor-slide-description{font-size:13px;line-height:1.4;margin-bottom:15px}}<\/style>\t\t<div class=\"elementor-swiper\">\n\t\t\t<div class=\"elementor-slides-wrapper elementor-main-swiper swiper-container\" dir=\"ltr\" data-animation=\"fadeInUp\">\n\t\t\t\t<div class=\"swiper-wrapper elementor-slides\">\n\t\t\t\t\t\t\t\t\t\t<div class=\"elementor-repeater-item-160cfab swiper-slide\"><div class=\"swiper-slide-bg\"><\/div><a class=\"swiper-slide-inner\" href=\"https:\/\/tabu-la-rasa.de\/start\/verkauf\/\"><div class=\"swiper-slide-contents\"><div class=\"elementor-slide-heading\">Der Ausverkauf<\/div><div class=\"elementor-slide-description\">M\u00f6glichst viele Bilder sollen ein neues Zuhause finden. Damit dies gelingt, d\u00fcrfen die K\u00e4ufer den Preis f\u00fcr ihr Lieblingsbild selbst festlegen und es nach dem Kauf gleich mit nach Hause nehmen. <\/div><div  class=\"elementor-button elementor-slide-button elementor-size-sm\">weiterlesen<\/div><\/div><\/a><\/div><div class=\"elementor-repeater-item-661881b swiper-slide\"><div class=\"swiper-slide-bg\"><\/div><a class=\"swiper-slide-inner\" href=\"https:\/\/tabu-la-rasa.de\/start\/bilder\/\"><div class=\"swiper-slide-contents\"><div class=\"elementor-slide-heading\">Die Bilder<\/div><div class=\"elementor-slide-description\">126 Gem\u00e4lde und \u00fcber 400 Zeichnungen, Aquarelle, Pastelle und Druckgrafiken stehen zum Verkauf.<\/div><div  class=\"elementor-button elementor-slide-button elementor-size-sm\">weiterlesen<\/div><\/div><\/a><\/div><div class=\"elementor-repeater-item-aace57a swiper-slide\"><div class=\"swiper-slide-bg\"><\/div><a class=\"swiper-slide-inner\" href=\"https:\/\/tabu-la-rasa.de\/start\/kuenstler\/\"><div class=\"swiper-slide-contents\"><div class=\"elementor-slide-heading\">Der K\u00fcnstler<\/div><div class=\"elementor-slide-description\">Dieter Fuhrmann (1928 \u2013 2013) war ein \u00fcber die Landesgrenzen von Mecklenburg-Vorpommern hinaus bekannter Maler und leidenschaftlicher Kunsterzieher.<\/div><div  class=\"elementor-button elementor-slide-button elementor-size-sm\">weiterlesen<\/div><\/div><\/a><\/div><div class=\"elementor-repeater-item-c08c889 swiper-slide\"><div class=\"swiper-slide-bg\"><\/div><div class=\"swiper-slide-inner\" ><div class=\"swiper-slide-contents\"><div class=\"elementor-slide-heading\">Der Ausstellungsort<\/div><div class=\"elementor-slide-description\">B\u00e4belin ist ein winziges Dorf in Nordwestmecklenburg, in dem nun Kunstscheune und Dorfkirche zum gemeinsamen Ausstellungsort von \u00bbtabu-la-rasa\u00ab werden. <\/div><div  class=\"elementor-button elementor-slide-button elementor-size-sm\">weiterlesen<\/div><\/div><\/div><\/div>\t\t\t\t<\/div>\n\t\t\t\t\t\t\t\t\t\t\t\t\t\t\t\t\t\t\t\t<div class=\"elementor-swiper-button elementor-swiper-button-prev\">\n\t\t\t\t\t\t\t<i aria-hidden=\"true\" class=\"eicon-chevron-left\"><\/i>\t\t\t\t\t\t\t<span class=\"elementor-screen-only\">Voriger<\/span>\n\t\t\t\t\t\t<\/div>\n\t\t\t\t\t\t<div class=\"elementor-swiper-button elementor-swiper-button-next\">\n\t\t\t\t\t\t\t<i aria-hidden=\"true\" class=\"eicon-chevron-right\"><\/i>\t\t\t\t\t\t\t<span class=\"elementor-screen-only\">N\u00e4chster<\/span>\n\t\t\t\t\t\t<\/div>\n\t\t\t\t\t\t\t\t\t\t\t\t<\/div>\n\t\t<\/div>\n\t\t\t\t<\/div>\n\t\t\t\t<\/div>\n\t\t\t\t\t<\/div>\n\t\t<\/div>\n\t\t\t\t\t\t\t<\/div>\n\t\t<\/section>\n\t\t\t\t<section class=\"elementor-section elementor-top-section elementor-element elementor-element-d727811 elementor-section-boxed elementor-section-height-default elementor-section-height-default\" data-id=\"d727811\" data-element_type=\"section\">\n\t\t\t\t\t\t<div class=\"elementor-container elementor-column-gap-default\">\n\t\t\t\t\t<div class=\"elementor-column elementor-col-100 elementor-top-column elementor-element elementor-element-1a46f6f\" data-id=\"1a46f6f\" data-element_type=\"column\">\n\t\t\t<div class=\"elementor-widget-wrap elementor-element-populated\">\n\t\t\t\t\t\t\t\t<div class=\"elementor-element elementor-element-81c91e5 elementor-widget elementor-widget-text-editor\" data-id=\"81c91e5\" data-element_type=\"widget\" data-widget_type=\"text-editor.default\">\n\t\t\t\t<div class=\"elementor-widget-container\">\n\t\t\t<style>\/*! elementor - v3.6.1 - 23-03-2022 *\/\n.elementor-widget-text-editor.elementor-drop-cap-view-stacked .elementor-drop-cap{background-color:#818a91;color:#fff}.elementor-widget-text-editor.elementor-drop-cap-view-framed .elementor-drop-cap{color:#818a91;border:3px solid;background-color:transparent}.elementor-widget-text-editor:not(.elementor-drop-cap-view-default) .elementor-drop-cap{margin-top:8px}.elementor-widget-text-editor:not(.elementor-drop-cap-view-default) .elementor-drop-cap-letter{width:1em;height:1em}.elementor-widget-text-editor .elementor-drop-cap{float:left;text-align:center;line-height:1;font-size:50px}.elementor-widget-text-editor .elementor-drop-cap-letter{display:inline-block}<\/style>\t\t\t\t<p>\u00bbtabu-la-rasa\u00ab war und ist das ebenso ehrgeizige wie radikale Vorhaben, m\u00f6glichst viele Bilder des 2013 verstorbenen mecklenburgischen K\u00fcnstlers Dieter Fuhrmann in ein neues Zuhause zu bringen. Der komplette Verkaufserl\u00f6s wird f\u00fcr zuk\u00fcnftige Kunstprojekte bzw. die Sanierung der Dorfkirche von B\u00e4belin gespendet.<\/p>\t\t\t\t\t\t<\/div>\n\t\t\t\t<\/div>\n\t\t\t\t\t<\/div>\n\t\t<\/div>\n\t\t\t\t\t\t\t<\/div>\n\t\t<\/section>\n\t\t\t\t<section class=\"elementor-section elementor-top-section elementor-element elementor-element-b38ebaf elementor-section-boxed elementor-section-height-default elementor-section-height-default\" data-id=\"b38ebaf\" data-element_type=\"section\">\n\t\t\t\t\t\t<div class=\"elementor-container elementor-column-gap-default\">\n\t\t\t\t\t<div class=\"elementor-column elementor-col-100 elementor-top-column elementor-element elementor-element-ac5f96d\" data-id=\"ac5f96d\" data-element_type=\"column\">\n\t\t\t<div class=\"elementor-widget-wrap elementor-element-populated\">\n\t\t\t\t\t\t\t\t<div class=\"elementor-element elementor-element-7e870fc elementor-widget elementor-widget-text-editor\" data-id=\"7e870fc\" data-element_type=\"widget\" data-widget_type=\"text-editor.default\">\n\t\t\t\t<div class=\"elementor-widget-container\">\n\t\t\t\t\t\t\t<p>Dass unsere Aktion ein voller Erfolg wurde, sieht man nicht nur an den <b>\u00fcber 190 verkauften Bildern<\/b> und unserer <a href=\"https:\/\/tabu-la-rasa.de\/start\/besucher\/\">Landkarte<\/a>, auf der alle Orte eingetragen sind an die ein Werke verkauft wurde, sondern seit Sommer 2024 auch in der Kirche:<b> f\u00fcnf von insgesamt neun Bleiglas-Fenstern<\/b> <b>wurden <\/b>zwischenzeitlich durch die Fachglaserei Luise Br\u00fcggemann aus Sch\u00f6nfeld M\u00fchle <b>restauriert<\/b>. M\u00f6glich wurde dies auch durch unsere Spende.\u00a0<span style=\"font-family: var( --e-global-typography-text-font-family ), Sans-serif; font-size: 1rem;\"><b>10.000 Euro<\/b> hat\u00a0<\/span><span style=\"font-family: var( --e-global-typography-text-font-family ), Sans-serif;\"><span style=\"font-style: inherit;\">Irmgard Fuhrmann Ende Juni 2024 an die Ev.-Lth. Sonnenkamp-Kirchengemeinde Neukloster \u00fcberwiesen und damit einen gro\u00dfen Teil der Gesamtkosten von fast 18.400 Euro \u00fcbernommen. Wir sind \u00fcberzeugt: Dieter <\/span><\/span>Fuhrmann<span style=\"font-family: var( --e-global-typography-text-font-family ), Sans-serif;\"><span style=\"font-style: inherit;\">\u00a0h\u00e4tte das gefallen!<\/span><\/span><\/p>\t\t\t\t\t\t<\/div>\n\t\t\t\t<\/div>\n\t\t\t\t\t<\/div>\n\t\t<\/div>\n\t\t\t\t\t\t\t<\/div>\n\t\t<\/section>\n\t\t\t\t<section class=\"elementor-section elementor-top-section elementor-element elementor-element-dfbae88 elementor-section-boxed elementor-section-height-default elementor-section-height-default\" data-id=\"dfbae88\" data-element_type=\"section\">\n\t\t\t\t\t\t<div class=\"elementor-container elementor-column-gap-default\">\n\t\t\t\t\t<div class=\"elementor-column elementor-col-100 elementor-top-column elementor-element elementor-element-e6e8489\" data-id=\"e6e8489\" data-element_type=\"column\">\n\t\t\t<div class=\"elementor-widget-wrap elementor-element-populated\">\n\t\t\t\t\t\t\t\t<div class=\"elementor-element elementor-element-1294c0d elementor-widget elementor-widget-text-editor\" data-id=\"1294c0d\" data-element_type=\"widget\" data-widget_type=\"text-editor.default\">\n\t\t\t\t<div class=\"elementor-widget-container\">\n\t\t\t\t\t\t\t<p><b>Die Aktion geht weiter! <\/b>Immernoch sind 10 Malereien, 53 Pastellkreide-Zeichnungen, 71 Aquarelle und 9 Zeichnungen verf\u00fcgbar. Rufen sie<a href=\"https:\/\/tabu-la-rasa.de\/wp-content\/uploads\/2024\/07\/Fuhrmann_tabu-la-rasa_Bildverzeichnis_240701.pdf\"> [hier] <\/a>unsere aktualisierte <a href=\"https:\/\/tabu-la-rasa.de\/wp-content\/uploads\/2024\/07\/Fuhrmann_tabu-la-rasa_Bildverzeichnis_240701.pdf\">Bilderliste<\/a> auf, um die verf\u00fcgbaren Arbeiten zu sehen.<\/p>\t\t\t\t\t\t<\/div>\n\t\t\t\t<\/div>\n\t\t\t\t\t<\/div>\n\t\t<\/div>\n\t\t\t\t\t\t\t<\/div>\n\t\t<\/section>\n\t\t\t\t<section class=\"elementor-section elementor-top-section elementor-element elementor-element-c1612bf elementor-section-boxed elementor-section-height-default elementor-section-height-default\" data-id=\"c1612bf\" data-element_type=\"section\">\n\t\t\t\t\t\t<div class=\"elementor-container elementor-column-gap-default\">\n\t\t\t\t\t<div class=\"elementor-column elementor-col-100 elementor-top-column elementor-element elementor-element-929a834\" data-id=\"929a834\" data-element_type=\"column\">\n\t\t\t<div class=\"elementor-widget-wrap elementor-element-populated\">\n\t\t\t\t\t\t\t\t<div class=\"elementor-element elementor-element-d2567e0 elementor-widget elementor-widget-text-editor\" data-id=\"d2567e0\" data-element_type=\"widget\" data-widget_type=\"text-editor.default\">\n\t\t\t\t<div class=\"elementor-widget-container\">\n\t\t\t\t\t\t\t\t\t\t\t\t\t<\/div>\n\t\t\t\t<\/div>\n\t\t\t\t\t<\/div>\n\t\t<\/div>\n\t\t\t\t\t\t\t<\/div>\n\t\t<\/section>\n\t\t\t\t\t\t\t<\/div>\n\t\t","protected":false},"excerpt":{"rendered":"<p>Dieter Fuhrmann: tabu-la-rasa Der AusverkaufM\u00f6glichst viele Bilder sollen ein neues Zuhause finden. Damit dies gelingt, d\u00fcrfen die K\u00e4ufer den Preis f\u00fcr ihr Lieblingsbild selbst festlegen und es nach dem Kauf gleich mit nach Hause nehmen. weiterlesenDie Bilder126 Gem\u00e4lde und \u00fcber 400 Zeichnungen, Aquarelle, Pastelle und Druckgrafiken stehen zum Verkauf.weiterlesenDer K\u00fcnstlerDieter Fuhrmann (1928 \u2013 2013) war &hellip;<\/p>\n<p class=\"read-more\"> <a class=\"\" href=\"https:\/\/tabu-la-rasa.de\/start\/\"> <span class=\"screen-reader-text\">Dieter Fuhrmann: tabu-la-rasa<\/span> Weiterlesen &raquo;<\/a><\/p>\n","protected":false},"author":1,"featured_media":0,"parent":0,"menu_order":0,"comment_status":"closed","ping_status":"closed","template":"elementor_header_footer","meta":{"site-sidebar-layout":"default","site-content-layout":"default","ast-main-header-display":"","ast-hfb-above-header-display":"","ast-hfb-below-header-display":"","ast-hfb-mobile-header-display":"","site-post-title":"","ast-breadcrumbs-content":"","ast-featured-img":"","footer-sml-layout":"","theme-transparent-header-meta":"","adv-header-id-meta":"","stick-header-meta":"","header-above-stick-meta":"","header-main-stick-meta":"","header-below-stick-meta":"","footnotes":""},"class_list":["post-96","page","type-page","status-publish","hentry"],"_links":{"self":[{"href":"https:\/\/tabu-la-rasa.de\/start\/wp-json\/wp\/v2\/pages\/96","targetHints":{"allow":["GET"]}}],"collection":[{"href":"https:\/\/tabu-la-rasa.de\/start\/wp-json\/wp\/v2\/pages"}],"about":[{"href":"https:\/\/tabu-la-rasa.de\/start\/wp-json\/wp\/v2\/types\/page"}],"author":[{"embeddable":true,"href":"https:\/\/tabu-la-rasa.de\/start\/wp-json\/wp\/v2\/users\/1"}],"replies":[{"embeddable":true,"href":"https:\/\/tabu-la-rasa.de\/start\/wp-json\/wp\/v2\/comments?post=96"}],"version-history":[{"count":10,"href":"https:\/\/tabu-la-rasa.de\/start\/wp-json\/wp\/v2\/pages\/96\/revisions"}],"predecessor-version":[{"id":1016,"href":"https:\/\/tabu-la-rasa.de\/start\/wp-json\/wp\/v2\/pages\/96\/revisions\/1016"}],"wp:attachment":[{"href":"https:\/\/tabu-la-rasa.de\/start\/wp-json\/wp\/v2\/media?parent=96"}],"curies":[{"name":"wp","href":"https:\/\/api.w.org\/{rel}","templated":true}]}}